{"id":4132,"date":"2018-03-03T22:47:33","date_gmt":"2018-03-03T21:47:33","guid":{"rendered":"http:\/\/www.teddybearcreche.ch\/?page_id=4132"},"modified":"2018-03-03T22:58:15","modified_gmt":"2018-03-03T21:58:15","slug":"paedagogisches-konzept","status":"publish","type":"page","link":"https:\/\/www.teddybearcreche.ch\/de\/paedagogisches-konzept\/","title":{"rendered":"P\u00e4dagogisches Konzept"},"content":{"rendered":"<div class=\"wpb-content-wrapper\"><p>[vc_row equal_height=&#8220;yes&#8220; content_placement=&#8220;middle&#8220; el_class=&#8220;ztl-row&#8220;][vc_column width=&#8220;2\/3&#8243;][vc_custom_heading text=&#8220;ALLGEMEINES&#8220; font_container=&#8220;tag:h2|font_size:32|text_align:center|color:%23633f18|line_height:1.2&#8243; google_fonts=&#8220;font_family:Salsa%3Aregular|font_style:400%20regular%3A400%3Anormal&#8220; css=&#8220;.vc_custom_1520113360634{margin-bottom: 32px !important;}&#8220;][vc_column_text]<\/p>\n<p style=\"text-align: left;\"><span style=\"font-size: 16px;\">Die Kita Teddy Bear hat ein starkes Bildungskonzept welches auf folgenden Werten basiert: Respekt, Toleranz, Austausch und Zusammenarbeit.<\/span><\/p>\n<p style=\"text-align: left;\"><span style=\"font-size: 16px;\"><br \/>\nDie Kita-Philosophie gr\u00fcndet auf dem Prinzip der Elternzusammenarbeit. Diese Zusammenarbeit mit den Eltern in unserem Kita-Alltag erm\u00f6glicht uns, den Kindern eine bessere Sozialisation, Sicherheit und eine ausgeglichene Integration anzubieten.<br \/>\n<\/span><\/p>\n<p><span style=\"font-size: 16px;\"><br \/>\nIn der Kita Teddy Bear steht das Kind im Mittelpunkt. Geleitet von unseren Werten, begleiten wir das Kind auf dem Weg zu einer immer gr\u00f6sseren Selbstst\u00e4ndigkeit. Dabei respektieren wir stets die Entwicklung und Individualit\u00e4t eines jeden Kindes und seiner Bed\u00fcrfnisse.<br \/>\nDer Ansatz der Begleitung ist wichtig, da diese den Erwachsenen an die Seite des Kindes stellt. Der Erwachsene spielt dabei die Rolle eines wohlwollenden Begleiters, der das Kind bei der Entdeckung der Welt unterst\u00fctzt, ihm neue M\u00f6glichkeiten er\u00f6ffnet und ihm f\u00fcr die Probleme, die es antrifft, L\u00f6sungen zeigt. Dabei arbeiten wir bei der Kita Teddy Bear auf folgende Ziele hin:<\/span><\/p>\n<ul>\n<li><span style=\"font-size: 16px;\">Eine ausgewogene Integration der Kinder zu f\u00f6rdern, die auf gegenseitigem Respekt und Vertrauen beruht,<\/span><\/li>\n<li><span style=\"font-size: 16px;\">durch aktives Zuh\u00f6ren und Empathie die Kommunikation mit ihnen aufzubauen, <\/span><\/li>\n<li><span style=\"font-size: 16px;\">eine ausgewogene aber vielseitige Entwicklung zu beg\u00fcnstigen, und<br \/>\n<\/span><\/li>\n<li><span style=\"font-size: 16px;\">durch das Anbieten von musikalischen, kulinarischen und kreativen Aktivit\u00e4ten sowie durch die enge Zusammenarbeit der Kita mit den Kindern und den Eltern die Sozialisation der Kinder erleichtern.<\/span><\/li>\n<li><span style=\"font-size: 16px;\">In der einzigartigen sprachlichen Landschaft der Stadt Biel m\u00f6chten wir eine zweisprachig (Franz\u00f6sisch &#8211; Deutsch) gef\u00fchrte Struktur anbieten, einen Ort, der Kindern beider Sprachen offen steht und wo der Austausch zwischen den Kulturen ermutigt wird.<\/span><\/li>\n<\/ul>\n<p>[\/vc_column_text][vc_empty_space height=&#8220;20px&#8220;][\/vc_column][vc_column width=&#8220;1\/3&#8243;][vc_empty_space height=&#8220;30&#8243;][vc_single_image image=&#8220;3523&#8243; img_size=&#8220;large&#8220; alignment=&#8220;center&#8220; onclick=&#8220;link_image&#8220; css_animation=&#8220;top-to-bottom&#8220;][vc_empty_space height=&#8220;10&#8243;][vc_single_image image=&#8220;3717&#8243; img_size=&#8220;large&#8220; alignment=&#8220;center&#8220; onclick=&#8220;link_image&#8220; css_animation=&#8220;bottom-to-top&#8220;][\/vc_column][\/vc_row][vc_row equal_height=&#8220;yes&#8220; content_placement=&#8220;middle&#8220; el_class=&#8220;ztl-row&#8220;][vc_column][vc_column_text]<\/p>\n<p style=\"text-align: left;\"><span style=\"color: #704825; font-size: 20px;\">Die Bed\u00fcrfnisse der Kinder erf\u00fcllen <\/span><\/p>\n<p style=\"text-align: left;\"><span style=\"font-size: 16px;\">In den ersten Lebensjahren hat ein Kind einfache aber lebenswichtige Bed\u00fcrfnisse: physiologische, emotionale, intellektuelle und psychomotorische. F\u00fcr die harmonische Entwicklung des Kindes ist es daher grundlegend, auf alle diese Bed\u00fcrfnisse angemessen einzugehen. Es gibt ausserdem keine Hierarchie zwischen den verschiedenen Bed\u00fcrfnissen, sie sind alle voneinander abh\u00e4ngig und von gleicher Bedeutung. Nur wenn die emotionale Sicherheit des Kindes sichergestellt ist, wird es auch im Stande sein, seine physiologischen Bed\u00fcrfnisse zu stillen.<br \/>\n<\/span><\/p>\n<p>[\/vc_column_text][vc_empty_space height=&#8220;20px&#8220;][vc_column_text]<\/p>\n<p style=\"text-align: left;\"><span style=\"color: #704825; font-size: 20px;\">Gruppenstruktur in Bezug auf das Alter der Kinder <\/span><\/p>\n<p style=\"text-align: left;\"><span style=\"font-size: 16px;\">Die Kita betreut Kinder ab drei Monaten (Ende des Mutterschaftsurlaubs) und bis zum schulpflichtigen Alter. <\/span><\/p>\n<p style=\"text-align: left;\"><span style=\"font-size: 16px;\">Sie besteht aus drei Gruppen: <\/span><\/p>\n<ul>\n<li style=\"text-align: left;\"><span style=\"font-size: 16px;\">S\u00e4uglingsgruppe (Koala): 3-4 Monate bis 18 Monate je nach Entwicklung des Kindes (3. Stock)<\/span><\/li>\n<li style=\"text-align: left;\"><span style=\"font-size: 16px;\">Kleinkindergruppe (Panda): 18 Monate bis 3 Jahre (3. Stock)<br \/>\n<\/span><\/li>\n<li style=\"text-align: left;\"><span style=\"font-size: 16px;\">Vorschulkindergruppe (Teddy): 3 Jahre bis zum schulpflichtigen Alter (ZG)<br \/>\n<\/span><\/li>\n<\/ul>\n<p>[\/vc_column_text][\/vc_column][\/vc_row]<\/p>\n<\/div>","protected":false},"excerpt":{"rendered":"<p>[vc_row equal_height=&#8220;yes&#8220; content_placement=&#8220;middle&#8220; el_class=&#8220;ztl-row&#8220;][vc_column width=&#8220;2\/3&#8243;][vc_custom_heading text=&#8220;ALLGEMEINES&#8220; font_container=&#8220;tag:h2|font_size:32|text_align:center|color:%23633f18|line_height:1.2&#8243; google_fonts=&#8220;font_family:Salsa%3Aregular|font_style:400%20regular%3A400%3Anormal&#8220; css=&#8220;.vc_custom_1520113360634{margin-bottom: 32px !important;}&#8220;][vc_column_text] Die Kita Teddy Bear hat ein starkes Bildungskonzept welches auf folgenden Werten basiert: Respekt, Toleranz, Austausch und Zusammenarbeit. Die Kita-Philosophie gr\u00fcndet auf dem Prinzip der Elternzusammenarbeit. Diese Zusammenarbeit mit den Eltern in unserem Kita-Alltag erm\u00f6glicht uns, den Kindern eine bessere Sozialisation, Sicherheit und eine [&hellip;]<\/p>\n","protected":false},"author":1,"featured_media":0,"parent":0,"menu_order":0,"comment_status":"closed","ping_status":"closed","template":"","meta":{"footnotes":""},"class_list":["post-4132","page","type-page","status-publish","hentry"],"_links":{"self":[{"href":"https:\/\/www.teddybearcreche.ch\/de\/wp-json\/wp\/v2\/pages\/4132","targetHints":{"allow":["GET"]}}],"collection":[{"href":"https:\/\/www.teddybearcreche.ch\/de\/wp-json\/wp\/v2\/pages"}],"about":[{"href":"https:\/\/www.teddybearcreche.ch\/de\/wp-json\/wp\/v2\/types\/page"}],"author":[{"embeddable":true,"href":"https:\/\/www.teddybearcreche.ch\/de\/wp-json\/wp\/v2\/users\/1"}],"replies":[{"embeddable":true,"href":"https:\/\/www.teddybearcreche.ch\/de\/wp-json\/wp\/v2\/comments?post=4132"}],"version-history":[{"count":6,"href":"https:\/\/www.teddybearcreche.ch\/de\/wp-json\/wp\/v2\/pages\/4132\/revisions"}],"predecessor-version":[{"id":4138,"href":"https:\/\/www.teddybearcreche.ch\/de\/wp-json\/wp\/v2\/pages\/4132\/revisions\/4138"}],"wp:attachment":[{"href":"https:\/\/www.teddybearcreche.ch\/de\/wp-json\/wp\/v2\/media?parent=4132"}],"curies":[{"name":"wp","href":"https:\/\/api.w.org\/{rel}","templated":true}]}}