{"id":4163,"date":"2018-03-04T00:20:24","date_gmt":"2018-03-03T23:20:24","guid":{"rendered":"http:\/\/www.teddybearcreche.ch\/?page_id=4163"},"modified":"2021-07-02T17:48:08","modified_gmt":"2021-07-02T15:48:08","slug":"die-presse-29-01-2014","status":"publish","type":"page","link":"https:\/\/www.teddybearcreche.ch\/de\/die-presse-29-01-2014\/","title":{"rendered":"Die Presse &#8211; 29.01.2014"},"content":{"rendered":"<div class=\"wpb-content-wrapper\"><p>[vc_row equal_height=&#8220;yes&#8220; content_placement=&#8220;middle&#8220; el_class=&#8220;ztl-row&#8220;][vc_column width=&#8220;2\/3&#8243;]<br \/>\n[vc_custom_heading text=&#8220;Nouvelle cr\u00e8che \u00e0 Bienne&#8220; font_container=&#8220;tag:h2|font_size:32|text_align:center|color:#704825|line_height:1.2&#8243; google_fonts=&#8220;font_family:Salsa%3Aregular|font_style:400%20regular%3A400%3Anormal&#8220; css=&#8220;.vc_custom_1499360065988{margin-bottom: 32px !important;}&#8220;][vc_column_text]<\/p>\n<p style=\"text-align: left;\"><span style=\"color: #704825; font-size: 20px;\">Accueil \u203a Actualit\u00e9 \u203a R\u00e9gionale. <\/span><\/p>\n<p style=\"text-align: left;\"><span style=\"color: #704825; font-size: 20px;\">29.01.2014<\/span><\/p>\n<p style=\"text-align: left;\"><span style=\"font-size: 16px;\">La cr\u00e8che priv\u00e9e Teddy Bear ouvre ses portes lundi prochain au centre ville de Bienne. Situ\u00e9e sur un \u00e9tage entier \u00e0 la rue Hugi, elle recevra 12 enfants en \u00e2ge pr\u00e9scolaire, chaque jour de la semaine de 7h \u00e0 18h. Le lieu pourrait h\u00e9berger jusqu\u2019\u00e0 40 petits \u00e0 l\u2019avenir. La d\u00e9cision quant \u00e0 l&#8217;attribution des places appartient \u00e0 l\u2019Office des mineurs du canton de Berne, l\u2019organe de surveillance des cr\u00e8ches. Une \u00e9quipe de 5 personnes prendra en charge les jeunes t\u00eates blondes. Elle se compose notamment des deux responsables, Olga Angel et Esther Ecoffey. \/iwr<\/span><\/p>\n<p>[\/vc_column_text][vc_empty_space height=&#8220;20px&#8220;][\/vc_column][vc_column width=&#8220;1\/3&#8243;][vc_empty_space height=&#8220;100&#8243;][vc_single_image image=&#8220;3728&#8243; img_size=&#8220;large&#8220; alignment=&#8220;center&#8220; style=&#8220;vc_box_shadow_3d&#8220; onclick=&#8220;link_image&#8220; css_animation=&#8220;right-to-left&#8220;][\/vc_column][\/vc_row]<\/p>\n<\/div>","protected":false},"excerpt":{"rendered":"<p>[vc_row equal_height=&#8220;yes&#8220; content_placement=&#8220;middle&#8220; el_class=&#8220;ztl-row&#8220;][vc_column width=&#8220;2\/3&#8243;] [vc_custom_heading text=&#8220;Nouvelle cr\u00e8che \u00e0 Bienne&#8220; font_container=&#8220;tag:h2|font_size:32|text_align:center|color:#704825|line_height:1.2&#8243; google_fonts=&#8220;font_family:Salsa%3Aregular|font_style:400%20regular%3A400%3Anormal&#8220; css=&#8220;.vc_custom_1499360065988{margin-bottom: 32px !important;}&#8220;][vc_column_text] Accueil \u203a Actualit\u00e9 \u203a R\u00e9gionale. 29.01.2014 La cr\u00e8che priv\u00e9e Teddy Bear ouvre ses portes lundi prochain au centre ville de Bienne. Situ\u00e9e sur un \u00e9tage entier \u00e0 la rue Hugi, elle recevra 12 enfants en \u00e2ge pr\u00e9scolaire, chaque jour de [&hellip;]<\/p>\n","protected":false},"author":1,"featured_media":0,"parent":0,"menu_order":0,"comment_status":"closed","ping_status":"closed","template":"template-about-us.php","meta":{"footnotes":""},"class_list":["post-4163","page","type-page","status-publish","hentry"],"_links":{"self":[{"href":"https:\/\/www.teddybearcreche.ch\/de\/wp-json\/wp\/v2\/pages\/4163","targetHints":{"allow":["GET"]}}],"collection":[{"href":"https:\/\/www.teddybearcreche.ch\/de\/wp-json\/wp\/v2\/pages"}],"about":[{"href":"https:\/\/www.teddybearcreche.ch\/de\/wp-json\/wp\/v2\/types\/page"}],"author":[{"embeddable":true,"href":"https:\/\/www.teddybearcreche.ch\/de\/wp-json\/wp\/v2\/users\/1"}],"replies":[{"embeddable":true,"href":"https:\/\/www.teddybearcreche.ch\/de\/wp-json\/wp\/v2\/comments?post=4163"}],"version-history":[{"count":1,"href":"https:\/\/www.teddybearcreche.ch\/de\/wp-json\/wp\/v2\/pages\/4163\/revisions"}],"predecessor-version":[{"id":4164,"href":"https:\/\/www.teddybearcreche.ch\/de\/wp-json\/wp\/v2\/pages\/4163\/revisions\/4164"}],"wp:attachment":[{"href":"https:\/\/www.teddybearcreche.ch\/de\/wp-json\/wp\/v2\/media?parent=4163"}],"curies":[{"name":"wp","href":"https:\/\/api.w.org\/{rel}","templated":true}]}}