{"id":4196,"date":"2018-03-05T19:35:49","date_gmt":"2018-03-05T18:35:49","guid":{"rendered":"http:\/\/www.teddybearcreche.ch\/?page_id=4196"},"modified":"2024-02-19T21:37:43","modified_gmt":"2024-02-19T20:37:43","slug":"impressum","status":"publish","type":"page","link":"https:\/\/www.teddybearcreche.ch\/de\/impressum\/","title":{"rendered":"Impressum"},"content":{"rendered":"<div class=\"wpb-content-wrapper\"><p>[vc_row equal_height=&#8220;yes&#8220; content_placement=&#8220;middle&#8220; el_class=&#8220;ztl-row&#8220;][vc_column][vc_column_text]\u00a9 <strong>Kita Teddy Bear<\/strong><br \/>\nHans-Hugi Strasse 3<br \/>\nCH-2502 Biel\/Bienne &#8211; Schweiz<br \/>\n+41 32 322 32 94<br \/>\ninfo@teddybearcreche.ch<\/p>\n<p>Website Gestaltung:<br \/>\n<strong><a href=\"http:\/\/www.4wonline.it\/\" target=\"_blank\" rel=\"noopener\">4W online<\/a><\/strong><br \/>\n<strong>Anne Marie Lucca <\/strong><br \/>\nStrada dell&#8217;Olmo, 10<br \/>\n38056 Levico Terme (TN) \u2013 ITALY<br \/>\n<a href=\"https:\/\/www.4wonline.it\/\">www.4wonline.it<\/a><\/p>\n<p><a href=\"https:\/\/wordpress.org\/\" target=\"_blank\" rel=\"noopener\"><strong>Powered by WordPress<\/strong><\/a><\/p>\n<p>Webhosting bei:<br \/>\n<a href=\"https:\/\/www.infomaniak.com\/\" target=\"_blank\" rel=\"noopener\"><strong>Infomaniak<\/strong><\/a><br \/>\n1227 Carouge \/ Gen\u00e8ve &#8211; Suisse<\/p>\n<p>&nbsp;<\/p>\n<p><span style=\"font-size: 18px; color: #704825;\"><strong><span id=\"result_box\" class=\"short_text\" lang=\"de\"><span class=\"\">Urheberrecht<\/span><\/span> <\/strong><\/span><br \/>\nAlle Inhalte, Bilder, Fotos oder Dateien auf der Website sind Eigentum des Website-Betreibers oder speziell genannten Rechteinhabern. Vor der Reproduktion jeglicher Dateien ist die schriftliche Genehmigung des Urheberrechtsinhabers erforderlich. Personen, die ohne Zustimmung des Rechteinhabers Urheberrechtsverletzungen begehen, k\u00f6nnen strafrechtlich verfolgt und gegebenenfalls schadensersatzpflichtig werden.<\/p>\n<p>Das Urheberrecht f\u00fcr die hier ver\u00f6ffentlichten Inhalte liegt bei <strong>Kita Teddy Bear<\/strong>, ebenso f\u00fcr alle Fotos im Bereich \u201eFotogalerie\u201c und die meisten auf dieser Website ver\u00f6ffentlichten Fotos mit Ausnahme der folgenden Fotos:<\/p>\n<p><span style=\"font-size: 16px; color: #704825;\"><strong>Herkunft der Fotos von online Stockbildern<\/strong><\/span><br \/>\n<span id=\"result_box\" class=\"short_text\" lang=\"de\"><span class=\"\">Fotos auf der<\/span><\/span> Slide auf der \u201eHome\u201c Webseite : \u00a9 Lsantilli &#8211; Fotolia.com<br \/>\n<span id=\"result_box\" class=\"short_text\" lang=\"de\"><span class=\"\">Foto auf der<\/span><\/span> Slide auf der \u201eHome\u201c Webseite : \u00a9 Little sisters &#8211; Fotolia.com<br \/>\n<span id=\"result_box\" class=\"short_text\" lang=\"de\"><span class=\"\">Foto auf der<\/span><\/span> Slide auf der \u201eHome\u201c Webseite : \u00a9 akz &#8211; photodune.net<br \/>\n<span id=\"result_box\" class=\"short_text\" lang=\"de\"><span class=\"\">Foto auf der<\/span><\/span> Slide auf der \u201eHome\u201c Webseite : \u00a9 winnieapple &#8211; photodune.net<br \/>\n<span id=\"result_box\" class=\"short_text\" lang=\"de\"><span class=\"\">Foto auf der<\/span><\/span> \u201eP\u00e4dagogisches Konzept\u201c\u00a0Webseite : \u00a9 akz &#8211; photodune.net<br \/>\n<span id=\"result_box\" class=\"short_text\" lang=\"de\"><span class=\"\">Foto auf der<\/span><\/span> \u201eP\u00e4dagogisches Konzept\u201c Webseite : \u00a9 Lsantilli &#8211; Fotolia.com<br \/>\n<span id=\"result_box\" class=\"short_text\" lang=\"de\"><span class=\"\">Foto auf der<\/span><\/span> \u201eAnmeldungsformular\u201c Webseite : \u00a9 bluebat &#8211; Fotolia.com<\/p>\n<p><span style=\"font-size: 16px; color: #704825;\"><strong>Template und Symbole <\/strong><\/span><br \/>\nKiddie Theme crafted with love by Zoutula<\/p>\n<p>&nbsp;<\/p>\n<p><span style=\"font-size: 18px; color: #704825;\"><strong>Beschr\u00e4nkung und Haftungsausschluss<\/strong><\/span><br \/>\nAlle Informationen auf unserer Website wurden sorgf\u00e4ltig \u00fcberpr\u00fcft. Unser Ziel ist es, ein aktuelles, inhaltlich korrektes und umfassendes Informationsangebot bereitzustellen. Trotzdem k\u00f6nnen Fehler nicht vollst\u00e4ndig ausgeschlossen werden. Daher k\u00f6nnen wir keine Garantie f\u00fcr die Vollst\u00e4ndigkeit, Richtigkeit und Aktualit\u00e4t der Informationen \u00fcbernehmen.<br \/>\nHaftungsanspr\u00fcche aufgrund von materiellen oder ideellen Sch\u00e4den, die durch die Nutzung der bereitgestellten Informationen verursacht wurden, sind ausgeschlossen.<\/p>\n<p>Die\u00a0<strong>Kita\u00a0Teddy Bear<\/strong> beh\u00e4lt sich das Recht vor, Texte nach eigenem Ermessen ohne Ank\u00fcndigung zu \u00e4ndern oder zu l\u00f6schen und ist nicht verpflichtet, die Inhalte der Website zu aktualisieren. Die Nutzung dieser Website erfolgt auf eigene Gefahr des Besuchers. Weder die\u00a0<strong>Kita\u00a0Teddy Bear<\/strong>, noch seine Partner \u00fcbernehmen die Verantwortung f\u00fcr Sch\u00e4den, sei es direkte, indirekte, zuf\u00e4llige, vorhersehbare oder Folgesch\u00e4den, die angeblich durch den Besuch dieser Website entstanden sind.<\/p>\n<p>&nbsp;<\/p>\n<p><span style=\"font-size: 18px; color: #704825;\"><strong>Externe Links<\/strong><\/span><br \/>\nDie <strong>Kita Teddy Bear<\/strong> \u00fcbernimmt keinerlei Verantwortung oder Haftung f\u00fcr die Inhalte und die Erreichbarkeit von Websites Dritter, die \u00fcber externe Links auf dieser Website zug\u00e4nglich sind. Die Betreiber der verlinkten Webseiten sind allein verantwortlich f\u00fcr deren Inhalt. Die <strong>Kita Teddy Bear<\/strong> distanziert sich eindeutig von allen Inhalten Dritter, die m\u00f6glicherweise straf- oder haftungsrechtlich relevant sind oder gegen die guten Sitten versto\u00dfen.<\/p>\n<p>&nbsp;<\/p>\n<p><span style=\"font-size: 18px; color: #704825;\"><strong>Datenschutzerkl\u00e4rung<\/strong><\/span><br \/>\nLesen sie hier <a href=\"https:\/\/www.teddybearcreche.ch\/de\/datenschutzerklaerung\/\">unsere Datenschutzerkl\u00e4rung &gt;&gt;<\/a>[\/vc_column_text][vc_empty_space height=&#8220;6&#8243;][\/vc_column][\/vc_row]<\/p>\n<\/div>","protected":false},"excerpt":{"rendered":"<p>[vc_row equal_height=&#8220;yes&#8220; content_placement=&#8220;middle&#8220; el_class=&#8220;ztl-row&#8220;][vc_column][vc_column_text]\u00a9 Kita Teddy Bear Hans-Hugi Strasse 3 CH-2502 Biel\/Bienne &#8211; Schweiz +41 32 322 32 94 info@teddybearcreche.ch Website Gestaltung: 4W online Anne Marie Lucca Strada dell&#8217;Olmo, 10 38056 Levico Terme (TN) \u2013 ITALY www.4wonline.it Powered by WordPress Webhosting bei: Infomaniak 1227 Carouge \/ Gen\u00e8ve &#8211; Suisse &nbsp; Urheberrecht Alle Inhalte, Bilder, Fotos [&hellip;]<\/p>\n","protected":false},"author":1,"featured_media":0,"parent":0,"menu_order":0,"comment_status":"closed","ping_status":"closed","template":"","meta":{"footnotes":""},"class_list":["post-4196","page","type-page","status-publish","hentry"],"_links":{"self":[{"href":"https:\/\/www.teddybearcreche.ch\/de\/wp-json\/wp\/v2\/pages\/4196","targetHints":{"allow":["GET"]}}],"collection":[{"href":"https:\/\/www.teddybearcreche.ch\/de\/wp-json\/wp\/v2\/pages"}],"about":[{"href":"https:\/\/www.teddybearcreche.ch\/de\/wp-json\/wp\/v2\/types\/page"}],"author":[{"embeddable":true,"href":"https:\/\/www.teddybearcreche.ch\/de\/wp-json\/wp\/v2\/users\/1"}],"replies":[{"embeddable":true,"href":"https:\/\/www.teddybearcreche.ch\/de\/wp-json\/wp\/v2\/comments?post=4196"}],"version-history":[{"count":16,"href":"https:\/\/www.teddybearcreche.ch\/de\/wp-json\/wp\/v2\/pages\/4196\/revisions"}],"predecessor-version":[{"id":4725,"href":"https:\/\/www.teddybearcreche.ch\/de\/wp-json\/wp\/v2\/pages\/4196\/revisions\/4725"}],"wp:attachment":[{"href":"https:\/\/www.teddybearcreche.ch\/de\/wp-json\/wp\/v2\/media?parent=4196"}],"curies":[{"name":"wp","href":"https:\/\/api.w.org\/{rel}","templated":true}]}}